{"id":108,"date":"2020-03-26T10:58:02","date_gmt":"2020-03-26T10:58:02","guid":{"rendered":"http:\/\/tadys.fr\/?page_id=108"},"modified":"2026-04-01T14:43:35","modified_gmt":"2026-04-01T14:43:35","slug":"omarv","status":"publish","type":"page","link":"https:\/\/tadys.fr\/?page_id=108","title":{"rendered":"OMARV Constructeur de broyeurs pour l&rsquo;agriculture et les espaces verts"},"content":{"rendered":"<div class=\"\" style=\"\" >\n    \n    <section class=\"u-clearfix u-image u-shading u-section-2\" id=\"sec-e785\" data-image-width=\"2850\" data-image-height=\"932\" style=\"background-image: linear-gradient(0deg, rgba(0, 0, 0, 0.7), rgba(0, 0, 0, 0.7)), url(&quot;https:\/\/tadys.fr\/wp-content\/uploads\/2020\/03\/CAPANNONErita.jpg&quot;);\">\n      <div class=\"u-clearfix u-sheet u-valign-bottom-md u-valign-bottom-sm u-valign-bottom-xs u-sheet-1\">\n        <div class=\"u-clearfix u-expanded-width u-layout-wrap u-layout-wrap-1\">\n          <div class=\"u-layout\">\n            <div class=\"u-layout-row\">\n              <div class=\"u-size-30\">\n                <div class=\"u-layout-col\">\n                  <div class=\"u-container-style u-layout-cell u-left-cell u-size-30 u-layout-cell-1\">\n                    <div class=\"u-container-layout u-valign-middle u-container-layout-1\">\n                      <img decoding=\"async\" src=\"https:\/\/tadys.fr\/wp-content\/uploads\/2020\/03\/CAPANNONErita.jpg\" alt=\"\" class=\"u-expanded-width u-image u-image-default u-image-1\" data-image-width=\"2850\" data-image-height=\"932\">\n                    <\/div>\n                  <\/div>\n                  <div class=\"u-align-justify u-container-style u-layout-cell u-left-cell u-size-30 u-layout-cell-2\">\n                    <div class=\"u-container-layout u-container-layout-2\">\n                      <p class=\"u-text u-text-1\"> OMARV est un constructeur italien situ\u00e9 \u00e0 Castagnole delle Lanze.<br>La soci\u00e9t\u00e9 f\u00eatera bient\u00f4t ses 60 ans.&nbsp;OMARV est sp\u00e9cialis\u00e9 depuis toujours dans la fabrication de broyeurs \u00e0 axes horizontaux pour les cultures et les espaces verts, et depuis quelques temps dans la pulv\u00e9risation pour la vigne en faisant une toute nouvelle usine. Pour les broyeurs, l'usine industrialis\u00e9e et moderne de plus de 20.000 m2 couverts avec showroom, magasin automatis\u00e9, \u00e9quilibreuses de rotors de derni\u00e8re g\u00e9n\u00e9ration, robots de soudure...La gamme de broyeurs s'\u00e9tend de 1.20 m \u00e0 9.00 m en port\u00e9s ou tra\u00een\u00e9s.\n                      <\/p>\n                    <\/div>\n                  <\/div>\n                <\/div>\n              <\/div>\n              <div class=\"u-size-30\">\n                <div class=\"u-layout-col\">\n                  <div class=\"u-container-style u-layout-cell u-right-cell u-size-60 u-layout-cell-3\">\n                    <div class=\"u-container-layout u-valign-bottom-sm u-valign-bottom-xs u-container-layout-3\">\n                      <div class=\"u-expanded-width-lg u-expanded-width-sm u-expanded-width-xl u-expanded-width-xs u-video u-video-contain u-video-1\">\n                        <div class=\"embed-responsive embed-responsive-1\">\n                          <iframe style=\"position: absolute;top: 0;left: 0;width: 100%;height: 100%;\" class=\"embed-responsive-item\" src=\"https:\/\/www.youtube.com\/embed\/QgDrrauA1Zg?playlist=QgDrrauA1Zg&amp;loop=1&amp;mute=1&amp;showinfo=0&amp;controls=0&amp;start=0&amp;autoplay=1\" data-autoplay=\"1\" frameborder=\"0\" allowfullscreen=\"\"><\/iframe>\n                        <\/div>\n                      <\/div>\n                    <\/div>\n                  <\/div>\n                <\/div>\n              <\/div>\n            <\/div>\n          <\/div>\n        <\/div>\n      <\/div>\n    <\/section>\n    <section class=\"u-clearfix u-section-3\" id=\"sec-7230\">\n      <div class=\"u-clearfix u-sheet u-sheet-1\">\n        <div class=\"data-layout-selected u-clearfix u-expanded-width u-layout-wrap u-layout-wrap-1\">\n          <div class=\"u-layout\">\n            <div class=\"u-layout-row\">\n              <div class=\"u-size-30\">\n                <div class=\"u-layout-col\">\n                  <div class=\"u-container-style u-layout-cell u-left-cell u-size-60 u-layout-cell-1\">\n                    <div class=\"u-container-layout u-container-layout-1\">\n                      <h3 class=\"u-align-center u-text u-text-grey-60 u-text-1\">Gamme de Broyeurs<\/h3>\n                      <img decoding=\"async\" src=\"https:\/\/tadys.fr\/wp-content\/uploads\/2020\/03\/ROTORVECTO-1.png\" alt=\"\" class=\"u-image u-image-default u-image-1\" data-image-width=\"1148\" data-image-height=\"1061\">\n                      <p class=\"u-align-center u-text u-text-grey-75 u-text-2\"><b>Gamme Rouge (Agricole)<\/b>\n                        <br><b>Broyeurs Arbo\/Viti :<\/b> Roero, Gavi, Barolo<br><b>Broyeurs Polyvalents : <\/b>Cuneo, Milano, Milano M\u00e9ga<br><b>Broyeurs Repliables Polyvalents : <\/b>Cuneo-P\/Px, Milano-P\/CP<br><b>R\u00e9colteuses\/Ensileuses :<\/b>&nbsp;Savigliano 2P\/2T\/DT<br><b>Gamme Jaune (Entretien)<\/b>\n                        <br><b>Broyeurs d'Accotements :<\/b>&nbsp;Novello, Torino, Torino-E, Roma, Taf<br><b>Broyeurs Collecteurs :<\/b> Alba, Firenze, Venezia<br><b>Broyeur Espaces verts train\u00e9<\/b> : Bologna\n                      <\/p>\n                      <a href=\"https:\/\/tadys.fr\/wp-content\/uploads\/2022\/03\/CATALOGUE-OMARV-2022-GAMME-AGRICOLE-1.pdf\" class=\"u-active-palette-1-dark-2 u-border-1 u-border-active-palette-1-dark-1 u-border-hover-palette-1-dark-1 u-border-palette-1-dark-1 u-btn u-button-style u-file-link u-hover-white u-text-active-custom-color-10 u-text-hover-palette-1-light-2 u-text-palette-1-dark-2 u-white u-btn-1\" target=\"_blank\">Gamme Agricole<\/a>\n                      <a href=\"https:\/\/tadys.fr\/wp-content\/uploads\/2024\/12\/CATALOGUEOMARVGAMMEENTRETIEN.pdf\" class=\"u-active-palette-1-dark-2 u-border-1 u-border-active-palette-1-dark-1 u-border-hover-palette-1-dark-1 u-border-palette-1-dark-1 u-btn u-button-style u-file-link u-hover-white u-text-active-custom-color-10 u-text-hover-palette-1-light-2 u-text-palette-1-dark-2 u-white u-btn-2\" target=\"_blank\">Gamme ENTRETIEN<\/a>\n                    <\/div>\n                  <\/div>\n                <\/div>\n              <\/div>\n              <div class=\"u-size-30\">\n                <div class=\"u-layout-col\">\n                  <div class=\"u-container-style u-layout-cell u-right-cell u-size-30 u-layout-cell-2\">\n                    <div class=\"u-container-layout u-valign-bottom u-container-layout-2\">\n                      <img decoding=\"async\" src=\"https:\/\/tadys.fr\/wp-content\/uploads\/2022\/06\/20220518_114621-scaled.jpg\" alt=\"\" class=\"u-expanded-width u-file-link u-image u-image-round u-radius-10 u-image-2\" data-image-width=\"2560\" data-image-height=\"1920\" data-href=\"https:\/\/tadys.fr\/wp-content\/uploads\/2022\/03\/CATALOGUE-OMARV-2022-GAMME-AGRICOLE-1.pdf\" data-target=\"_blank\" title=\"catalogue-broyeurs-omarv\">\n                    <\/div>\n                  <\/div>\n                  <div class=\"u-container-style u-layout-cell u-right-cell u-size-30 u-layout-cell-3\">\n                    <div class=\"u-container-layout u-valign-middle u-container-layout-3\">\n                      <img decoding=\"async\" src=\"https:\/\/tadys.fr\/wp-content\/uploads\/2023\/09\/TORINO-180-WEB.jpg\" alt=\"\" class=\"u-expanded-width u-file-link u-image u-image-round u-radius-10 u-image-3\" data-image-width=\"2100\" data-image-height=\"1575\" data-href=\"https:\/\/tadys.fr\/wp-content\/uploads\/2024\/12\/CATALOGUEOMARVGAMMEENTRETIEN.pdf\" data-target=\"_blank\" title=\"catalogue-broyeurs-omarv\">\n                    <\/div>\n                  <\/div>\n                <\/div>\n              <\/div>\n            <\/div>\n          <\/div>\n        <\/div>\n      <\/div>\n    <\/section>\n    <section class=\"u-align-center u-clearfix u-container-align-center u-custom-color-10 u-section-4\" id=\"sec-7ff6\">\n      <div class=\"u-clearfix u-sheet u-sheet-1\">\n        <div class=\"u-align-left u-expanded-width-md u-expanded-width-sm u-expanded-width-xs u-video u-video-contain u-video-1\">\n          <div class=\"embed-responsive embed-responsive-1\">\n            <iframe style=\"position: absolute;top: 0;left: 0;width: 100%;height: 100%;\" class=\"embed-responsive-item\" src=\"https:\/\/www.youtube.com\/embed\/N5bVyBMmnXM?playlist=N5bVyBMmnXM&amp;loop=1&amp;mute=1&amp;showinfo=0&amp;controls=0&amp;start=0&amp;autoplay=1\" data-autoplay=\"1\" frameborder=\"0\" allowfullscreen=\"\"><\/iframe>\n          <\/div>\n        <\/div>\n      <\/div>\n    <\/section>\n    <section class=\"u-clearfix u-image u-section-5\" id=\"sec-7e7e\" data-image-width=\"1500\" data-image-height=\"440\" style=\"background-image: url(&quot;https:\/\/tadys.fr\/wp-content\/uploads\/2021\/02\/home1.jpg&quot;);\">\n      <div class=\"u-clearfix u-sheet u-sheet-1\"><\/div>\n    <\/section>\n    \n    \n    \n    \n  \n<\/div>","protected":false},"excerpt":{"rendered":"<p>OMARV est un constructeur italien situ\u00e9 \u00e0 Castagnole delle Lanze.La soci\u00e9t\u00e9 f\u00eatera bient\u00f4t ses 60 ans.&nbsp;OMARV est sp\u00e9cialis\u00e9 depuis toujours dans la fabrication de broyeurs \u00e0 axes horizontaux pour les cultures et les espaces verts, et depuis quelques temps dans la pulv\u00e9risation pour la vigne en faisant une toute nouvelle usine. Pour les broyeurs, l&rsquo;usine &hellip; <a href=\"https:\/\/tadys.fr\/?page_id=108\" class=\"more-link\">Continue reading<span class=\"screen-reader-text\"> \u00ab\u00a0OMARV Constructeur de broyeurs pour l&rsquo;agriculture et les espaces verts\u00a0\u00bb<\/span><\/a><\/p>\n","protected":false},"author":1,"featured_media":603,"parent":0,"menu_order":0,"comment_status":"closed","ping_status":"closed","template":"","meta":{"footnotes":""},"class_list":["post-108","page","type-page","status-publish","has-post-thumbnail","hentry"],"aioseo_notices":[],"_links":{"self":[{"href":"https:\/\/tadys.fr\/index.php?rest_route=\/wp\/v2\/pages\/108","targetHints":{"allow":["GET"]}}],"collection":[{"href":"https:\/\/tadys.fr\/index.php?rest_route=\/wp\/v2\/pages"}],"about":[{"href":"https:\/\/tadys.fr\/index.php?rest_route=\/wp\/v2\/types\/page"}],"author":[{"embeddable":true,"href":"https:\/\/tadys.fr\/index.php?rest_route=\/wp\/v2\/users\/1"}],"replies":[{"embeddable":true,"href":"https:\/\/tadys.fr\/index.php?rest_route=%2Fwp%2Fv2%2Fcomments&post=108"}],"version-history":[{"count":22,"href":"https:\/\/tadys.fr\/index.php?rest_route=\/wp\/v2\/pages\/108\/revisions"}],"predecessor-version":[{"id":1248,"href":"https:\/\/tadys.fr\/index.php?rest_route=\/wp\/v2\/pages\/108\/revisions\/1248"}],"wp:featuredmedia":[{"embeddable":true,"href":"https:\/\/tadys.fr\/index.php?rest_route=\/wp\/v2\/media\/603"}],"wp:attachment":[{"href":"https:\/\/tadys.fr\/index.php?rest_route=%2Fwp%2Fv2%2Fmedia&parent=108"}],"curies":[{"name":"wp","href":"https:\/\/api.w.org\/{rel}","templated":true}]}}