{"id":124,"date":"2020-03-26T14:52:49","date_gmt":"2020-03-26T14:52:49","guid":{"rendered":"http:\/\/tadys.fr\/?page_id=124"},"modified":"2024-12-11T07:38:44","modified_gmt":"2024-12-11T07:38:44","slug":"ovlac-dechaumeurs-a-dents","status":"publish","type":"page","link":"https:\/\/tadys.fr\/?page_id=124","title":{"rendered":"OVLAC D\u00c9CHAUMEURS A DENTS"},"content":{"rendered":"<div class=\"\" style=\"\" >\n    \n    <section class=\"u-clearfix u-section-2\" id=\"sec-9406\">\n      <div class=\"u-clearfix u-sheet u-sheet-1\">\n        <div class=\"data-layout-selected u-clearfix u-expanded-width u-gutter-10 u-layout-wrap u-layout-wrap-1\">\n          <div class=\"u-gutter-0 u-layout\">\n            <div class=\"u-layout-row\" style=\"\">\n              <div class=\"u-size-24-lg u-size-24-xl u-size-29-sm u-size-29-xs u-size-60-md\" style=\"\">\n                <div class=\"u-layout-row\" style=\"\">\n                  <div class=\"u-align-left u-container-align-left u-container-style u-image u-layout-cell u-left-cell u-size-60 u-image-1\" src=\"\" data-image-width=\"2560\" data-image-height=\"1707\" style=\"background-image: url(&quot;https:\/\/tadys.fr\/wp-content\/uploads\/2024\/01\/IMG_1786COMPRESSED_resized-scaled.jpg&quot;);\">\n                    <div class=\"u-container-layout u-valign-middle u-container-layout-1\" src=\"\"><\/div>\n                  <\/div>\n                <\/div>\n              <\/div>\n              <div class=\"u-size-31-sm u-size-31-xs u-size-36-lg u-size-36-xl u-size-60-md\" style=\"\">\n                <div class=\"u-layout-col\" style=\"\">\n                  <div class=\"u-align-left u-container-align-left u-container-style u-gradient u-layout-cell u-right-cell u-size-40 u-layout-cell-2\">\n                    <div class=\"u-container-layout u-container-layout-2\">\n                      <h2 class=\"u-text u-text-palette-1-dark-2 u-text-1\">Le choix de l'outil \u00e0 dents<\/h2>\n                      <h6 class=\"u-text u-text-palette-1-dark-1 u-text-2\">XLANDER ou VERSATILL<\/h6>\n                    <\/div>\n                  <\/div>\n                  <div class=\"u-align-justify u-container-style u-layout-cell u-right-cell u-size-20 u-white u-layout-cell-3\">\n                    <div class=\"u-container-layout u-valign-middle u-container-layout-3\">\n                      <p class=\"u-text u-text-palette-1-dark-2 u-text-3\">Chez OVLAC, nous proposons 2 gammes d'outils bien distincts :<br>\n                        <br>Le <span style=\"font-weight: 700;\">XLANDER <\/span>est un minichisel polymorphe permettant plusieurs utilisations gr\u00e2ce \u00e0 ses dents sur s\u00e9curit\u00e9 \u00e9lastom\u00e8re pour des travaux allant de 3 \u00e0 20 cm.<br>\n                        <br>Le <span style=\"font-weight: 700;\">VERSATILL <\/span>quand \u00e0 lui est un d\u00e9chaumeur \u00e0 dents sur s\u00e9curit\u00e9 boulon ou non stop hydraulique pour des travaux de 5 \u00e0 35 cm.\n                      <\/p>\n                    <\/div>\n                  <\/div>\n                <\/div>\n              <\/div>\n            <\/div>\n          <\/div>\n        <\/div>\n      <\/div>\n    <\/section>\n    <section class=\"u-clearfix u-section-3\" id=\"sec-af66\">\n      <div class=\"u-clearfix u-sheet u-sheet-1\">\n        <div class=\"data-layout-selected u-clearfix u-expanded-width u-gutter-12 u-layout-wrap u-layout-wrap-1\">\n          <div class=\"u-layout\">\n            <div class=\"u-layout-row\">\n              <div class=\"u-size-30 u-size-60-md\">\n                <div class=\"u-layout-col\">\n                  <div class=\"u-container-style u-layout-cell u-left-cell u-size-60 u-layout-cell-1\" src=\"\">\n                    <div class=\"u-container-layout u-valign-top u-container-layout-1\">\n                      <img decoding=\"async\" src=\"https:\/\/tadys.fr\/wp-content\/uploads\/2020\/03\/machinesovlacavecnoms.jpg\" alt=\"\" class=\"custom-expanded u-expanded-width-lg u-expanded-width-xl u-image u-image-default u-image-1\" data-image-width=\"1389\" data-image-height=\"1111\">\n                      <div class=\"u-expanded-width u-video u-video-contain u-video-1\">\n                        <div class=\"embed-responsive embed-responsive-1\">\n                          <iframe style=\"position: absolute;top: 0;left: 0;width: 100%;height: 100%;\" class=\"embed-responsive-item\" data-src=\"https:\/\/www.youtube.com\/embed\/qf82LgBUuO0?playlist=qf82LgBUuO0&amp;loop=1&amp;mute=1&amp;showinfo=0&amp;controls=0&amp;start=0&amp;autoplay=1\" data-autoplay=\"1\" data-poster=\"https:\/\/tadys.fr\/wp-content\/uploads\/2024\/01\/20220728_101246-scaled.jpg\" frameborder=\"0\" allowfullscreen=\"\"><\/iframe>\n                          <button class=\"u-video-poster u-video-poster-1\" data-src=\"https:\/\/tadys.fr\/wp-content\/uploads\/2024\/01\/20220728_101246-scaled.jpg\" style=\"background-image: url(&quot;https:\/\/tadys.fr\/wp-content\/uploads\/2024\/01\/20220728_101246-scaled.jpg&quot;);\"><\/button>\n                        <\/div>\n                      <\/div>\n                    <\/div>\n                  <\/div>\n                <\/div>\n              <\/div>\n              <div class=\"u-size-30 u-size-60-md\">\n                <div class=\"u-layout-col\">\n                  <div class=\"u-size-30\">\n                    <div class=\"u-layout-row\">\n                      <div class=\"u-align-left u-container-align-left u-container-style u-gradient u-layout-cell u-size-30 u-layout-cell-2\">\n                        <div class=\"u-container-layout u-valign-top u-container-layout-2\">\n                          <h3 class=\"u-text u-text-palette-1-dark-2 u-text-1\">L'outil le plus polymorphe du march\u00e9 avec une s\u00e9curit\u00e9 brevet\u00e9e et sans entretien<\/h3>\n                        <\/div>\n                      <\/div>\n                      <div class=\"u-align-justify u-container-style u-layout-cell u-right-cell u-size-30 u-layout-cell-3\">\n                        <div class=\"u-container-layout u-valign-top-xl u-container-layout-3\">\n                          <p class=\"u-text u-text-2\">Le XLANDER est un outil permettant de faire des faux semis, du d\u00e9chaumage, du scalpage, de la reprise de labour ou m\u00eame encore de la destruction de couverts v\u00e9g\u00e9taux \u00e0 des profondeurs allant de 3 \u00e0 20 cm.<br>\n                            <br>Son \u00e9cartement entre dents de 23 cm, son d\u00e9gagement sous b\u00e2ti de 74 cm et ses dents en quinconce lui octroient des capacit\u00e9s de travail exceptionnelles.\n                          <\/p>\n                        <\/div>\n                      <\/div>\n                    <\/div>\n                  <\/div>\n                  <div class=\"u-size-30\">\n                    <div class=\"u-layout-row\">\n                      <div class=\"u-align-left u-container-align-left u-container-style u-layout-cell u-size-30 u-layout-cell-4\">\n                        <div class=\"u-container-layout u-valign-bottom-md u-valign-bottom-sm u-valign-bottom-xl u-valign-bottom-xs u-container-layout-4\">\n                          <img decoding=\"async\" class=\"u-expanded-width u-image u-image-2\" src=\"https:\/\/tadys.fr\/wp-content\/uploads\/2024\/01\/MCH-3-28-PVplegado.png\" data-image-width=\"1498\" data-image-height=\"889\">\n                        <\/div>\n                      <\/div>\n                      <div class=\"u-align-justify u-container-style u-gradient u-layout-cell u-right-cell u-size-30 u-layout-cell-5\">\n                        <div class=\"u-container-layout u-valign-top-xl u-container-layout-5\">\n                          <p class=\"u-text u-text-3\">Sa large gamme de socs (hirondelle, cote de melon, scalpeur, ailettes...), ses&nbsp; rouleaux (cr\u00e9nel\u00e9, cage, V-ring) et ses herses peignes (1, 2 et 3 rang\u00e9es) lui permettent de passer partout toute l'ann\u00e9e en ayant la possibilit\u00e9 de travailler avec chacun des accessoires ind\u00e9pendamment sans avoir \u00e0 les d\u00e9monter.<br>\n                            <br>Sa s\u00e9curit\u00e9 \u00e0 \u00e9lastom\u00e8res de 40 mm vulcanis\u00e9s lui donne une fiabilit\u00e9 dans le temps exceptionnelle.\n                          <\/p>\n                          <a href=\"https:\/\/tadys.fr\/wp-content\/uploads\/2022\/02\/CATALOGUE-OVLAC-XLANDER.pdf\" class=\"u-border-1 u-border-active-custom-color-4 u-border-hover-palette-1-light-1 u-border-palette-1-dark-2 u-btn u-button-style u-file-link u-none u-text-active-custom-color-4 u-text-hover-palette-1-light-1 u-text-palette-1-dark-2 u-btn-1\" target=\"_blank\">CATALOGUE XLANDER<\/a>\n                        <\/div>\n                      <\/div>\n                    <\/div>\n                  <\/div>\n                <\/div>\n              <\/div>\n            <\/div>\n          <\/div>\n        <\/div>\n      <\/div>\n    <\/section>\n    <section class=\"u-clearfix u-section-4\" id=\"carousel_824e\">\n      <div class=\"u-clearfix u-sheet u-sheet-1\">\n        <div class=\"data-layout-selected u-clearfix u-expanded-width u-gutter-12 u-layout-wrap u-layout-wrap-1\">\n          <div class=\"u-layout\">\n            <div class=\"u-layout-row\">\n              <div class=\"u-size-30 u-size-60-md\">\n                <div class=\"u-layout-col\">\n                  <div class=\"u-container-style u-layout-cell u-left-cell u-size-60 u-layout-cell-1\" src=\"\">\n                    <div class=\"u-container-layout u-valign-top-md u-valign-top-sm u-valign-top-xl u-valign-top-xs u-container-layout-1\">\n                      <img decoding=\"async\" src=\"https:\/\/tadys.fr\/wp-content\/uploads\/2020\/03\/machinesovlacavecnoms2.jpg\" alt=\"\" class=\"custom-expanded u-image u-image-default u-image-1\" data-image-width=\"1389\" data-image-height=\"1111\">\n                      <div class=\"u-expanded-width-md u-expanded-width-sm u-expanded-width-xl u-expanded-width-xs u-video u-video-contain u-video-1\">\n                        <div class=\"embed-responsive embed-responsive-1\">\n                          <iframe style=\"position: absolute;top: 0;left: 0;width: 100%;height: 100%;\" class=\"embed-responsive-item\" data-src=\"https:\/\/www.youtube.com\/embed\/BM2nS5hK0qs?playlist=BM2nS5hK0qs&amp;loop=1&amp;mute=1&amp;showinfo=0&amp;controls=0&amp;start=0&amp;autoplay=1\" data-autoplay=\"1\" data-poster=\"https:\/\/tadys.fr\/wp-content\/uploads\/2024\/01\/IMG_1697-scaled.jpg\" frameborder=\"0\" allowfullscreen=\"\"><\/iframe>\n                          <button class=\"u-video-poster u-video-poster-1\" data-src=\"https:\/\/tadys.fr\/wp-content\/uploads\/2024\/01\/IMG_1697-scaled.jpg\" style=\"background-image: url(&quot;https:\/\/tadys.fr\/wp-content\/uploads\/2024\/01\/IMG_1697-scaled.jpg&quot;);\"><\/button>\n                        <\/div>\n                      <\/div>\n                    <\/div>\n                  <\/div>\n                <\/div>\n              <\/div>\n              <div class=\"u-size-30 u-size-60-md\">\n                <div class=\"u-layout-col\">\n                  <div class=\"u-size-30\">\n                    <div class=\"u-layout-row\">\n                      <div class=\"u-align-left u-container-align-left u-container-style u-gradient u-layout-cell u-size-30 u-layout-cell-2\">\n                        <div class=\"u-container-layout u-valign-top u-container-layout-2\">\n                          <h3 class=\"u-text u-text-palette-1-dark-2 u-text-1\"> Le d\u00e9chaumeur \u00e0 pression variable depuis la cabine<\/h3>\n                        <\/div>\n                      <\/div>\n                      <div class=\"u-align-justify u-container-style u-layout-cell u-right-cell u-size-30 u-layout-cell-3\">\n                        <div class=\"u-container-layout u-valign-top-xl u-container-layout-3\">\n                          <p class=\"u-text u-text-2\"> Le VERSATILL est un outil permettant de faire des faux semis, du d\u00e9chaumage, du scalpage, de la reprise de labour ou m\u00eame encore de la fissuration \u00e0 des profondeurs allant de 5 \u00e0 35 cm.<br>\n                            <br>Son \u00e9cartement entre dents de 30 cm, son d\u00e9gagement sous b\u00e2ti de 88 cm et sa pression variable hydraulique en version non stop lui donne des capacit\u00e9s exceptionnelles.\n                          <\/p>\n                        <\/div>\n                      <\/div>\n                    <\/div>\n                  <\/div>\n                  <div class=\"u-size-30\">\n                    <div class=\"u-layout-row\">\n                      <div class=\"u-align-left u-container-align-left u-container-style u-layout-cell u-size-30 u-layout-cell-4\">\n                        <div class=\"u-container-layout u-valign-bottom-xl u-valign-top-md u-container-layout-4\">\n                          <img decoding=\"async\" class=\"custom-expanded u-expanded-width-lg u-expanded-width-xl u-image u-image-contain u-image-default u-image-2\" src=\"https:\/\/tadys.fr\/wp-content\/uploads\/2024\/01\/dentsVersatill.png\" alt=\"\" data-image-width=\"1189\" data-image-height=\"697\">\n                        <\/div>\n                      <\/div>\n                      <div class=\"u-align-justify u-container-style u-gradient u-layout-cell u-right-cell u-size-30 u-layout-cell-5\">\n                        <div class=\"u-container-layout u-valign-top u-container-layout-5\">\n                          <p class=\"u-text u-text-3\"> Sa pointe forg\u00e9e avec strilles, d'une \u00e9paisseur de 22 mm et ses ailettes \u00e0 2 ou 4 trous pour r\u00e9gler la hauteur de scalpage en fonction de la pointe, lui donne la polyvalence n\u00e9cessaire aux agriculteurs d'aujourd'hui.<br>La pression variable hydraulique a un int\u00e9r\u00eat crucial : en fonction de la traction de la terre il est possible de varier la pression \u00e0 la pointe ne pas changer sans arr\u00eat l'angle de la dent.\n                          <\/p>\n                          <a href=\"https:\/\/tadys.fr\/wp-content\/uploads\/2022\/02\/CATALOGUE-OVLAC-VERSATILL.pdf\" class=\"u-border-1 u-border-active-custom-color-4 u-border-hover-palette-1-light-1 u-border-palette-1-dark-2 u-btn u-button-style u-file-link u-none u-text-active-custom-color-4 u-text-hover-palette-1-light-1 u-text-palette-1-dark-2 u-btn-1\" target=\"_blank\">CATALOGUE VERSATILL<\/a>\n                        <\/div>\n                      <\/div>\n                    <\/div>\n                  <\/div>\n                <\/div>\n              <\/div>\n            <\/div>\n          <\/div>\n        <\/div>\n      <\/div>\n    <\/section>\n    <section class=\"u-clearfix u-section-5\" id=\"sec-1235\">\n      <div class=\"u-clearfix u-sheet u-valign-middle-sm u-valign-middle-xs u-sheet-1\">\n        <img decoding=\"async\" src=\"https:\/\/tadys.fr\/wp-content\/uploads\/2022\/01\/IMG_17362-scaled.jpg\" alt=\"\" class=\"u-expanded-width u-image u-image-default u-image-1\" data-image-width=\"2560\" data-image-height=\"1707\">\n      <\/div>\n    <\/section>\n    \n    \n    \n    \n  \n<\/div>","protected":false},"excerpt":{"rendered":"<p>Le choix de l&rsquo;outil \u00e0 dents XLANDER ou VERSATILL Chez OVLAC, nous proposons 2 gammes d&rsquo;outils bien distincts : Le XLANDER est un minichisel polymorphe permettant plusieurs utilisations gr\u00e2ce \u00e0 ses dents sur s\u00e9curit\u00e9 \u00e9lastom\u00e8re pour des travaux allant de 3 \u00e0 20 cm. Le VERSATILL quand \u00e0 lui est un d\u00e9chaumeur \u00e0 dents sur &hellip; <a href=\"https:\/\/tadys.fr\/?page_id=124\" class=\"more-link\">Continue reading<span class=\"screen-reader-text\"> \u00ab\u00a0OVLAC D\u00c9CHAUMEURS A DENTS\u00a0\u00bb<\/span><\/a><\/p>\n","protected":false},"author":1,"featured_media":0,"parent":71,"menu_order":0,"comment_status":"closed","ping_status":"closed","template":"","meta":{"footnotes":""},"class_list":["post-124","page","type-page","status-publish","hentry"],"aioseo_notices":[],"_links":{"self":[{"href":"https:\/\/tadys.fr\/index.php?rest_route=\/wp\/v2\/pages\/124","targetHints":{"allow":["GET"]}}],"collection":[{"href":"https:\/\/tadys.fr\/index.php?rest_route=\/wp\/v2\/pages"}],"about":[{"href":"https:\/\/tadys.fr\/index.php?rest_route=\/wp\/v2\/types\/page"}],"author":[{"embeddable":true,"href":"https:\/\/tadys.fr\/index.php?rest_route=\/wp\/v2\/users\/1"}],"replies":[{"embeddable":true,"href":"https:\/\/tadys.fr\/index.php?rest_route=%2Fwp%2Fv2%2Fcomments&post=124"}],"version-history":[{"count":22,"href":"https:\/\/tadys.fr\/index.php?rest_route=\/wp\/v2\/pages\/124\/revisions"}],"predecessor-version":[{"id":1241,"href":"https:\/\/tadys.fr\/index.php?rest_route=\/wp\/v2\/pages\/124\/revisions\/1241"}],"up":[{"embeddable":true,"href":"https:\/\/tadys.fr\/index.php?rest_route=\/wp\/v2\/pages\/71"}],"wp:attachment":[{"href":"https:\/\/tadys.fr\/index.php?rest_route=%2Fwp%2Fv2%2Fmedia&parent=124"}],"curies":[{"name":"wp","href":"https:\/\/api.w.org\/{rel}","templated":true}]}}