{"id":138,"date":"2020-03-26T16:08:16","date_gmt":"2020-03-26T16:08:16","guid":{"rendered":"http:\/\/tadys.fr\/?page_id=138"},"modified":"2024-05-12T08:15:51","modified_gmt":"2024-05-12T08:15:51","slug":"ovlac-dechaumeurs-a-disques","status":"publish","type":"page","link":"https:\/\/tadys.fr\/?page_id=138","title":{"rendered":"OVLAC DECHAUMEURS A DISQUES"},"content":{"rendered":"<div class=\"\" style=\"\" >\n    \n    <section class=\"u-clearfix u-section-2\" id=\"sec-8959\">\n      <div class=\"u-clearfix u-sheet u-sheet-1\">\n        <div class=\"data-layout-selected u-clearfix u-expanded-width u-gutter-10 u-layout-wrap u-layout-wrap-1\">\n          <div class=\"u-gutter-0 u-layout\">\n            <div class=\"u-layout-row\" style=\"\">\n              <div class=\"u-size-24-lg u-size-24-xl u-size-29-sm u-size-29-xs u-size-60-md\" style=\"\">\n                <div class=\"u-layout-row\" style=\"\">\n                  <div class=\"u-align-left u-container-style u-image u-layout-cell u-left-cell u-size-60 u-image-1\" src=\"\" data-image-width=\"1825\" data-image-height=\"858\" style=\"background-image: url(&quot;https:\/\/tadys.fr\/wp-content\/uploads\/2024\/04\/MII2.jpg&quot;);\">\n                    <div class=\"u-container-layout u-valign-middle u-container-layout-1\" src=\"\"><\/div>\n                  <\/div>\n                <\/div>\n              <\/div>\n              <div class=\"u-size-31-sm u-size-31-xs u-size-36-lg u-size-36-xl u-size-60-md\" style=\"\">\n                <div class=\"u-layout-col\" style=\"\">\n                  <div class=\"u-align-left u-container-style u-gradient u-layout-cell u-right-cell u-size-40 u-layout-cell-2\">\n                    <div class=\"u-container-layout u-container-layout-2\">\n                      <h2 class=\"u-text u-text-palette-1-dark-2 u-text-1\">Bien choisir son d\u00e9chaumeur \u00e0 disques<\/h2>\n                      <h6 class=\"u-text u-text-palette-1-dark-1 u-text-2\">MAXIDISC-II OU EURODISC-II<\/h6>\n                    <\/div>\n                  <\/div>\n                  <div class=\"u-align-justify u-container-style u-layout-cell u-right-cell u-size-20 u-white u-layout-cell-3\">\n                    <div class=\"u-container-layout u-valign-middle u-container-layout-3\">\n                      <p class=\"u-text u-text-palette-1-dark-2 u-text-3\">Chez OVLAC, nous proposons 2 gammes d'outils bien distincts :<br>\n                        <br>Le <span style=\"font-weight: 700;\">MAXIDISC-II&nbsp;<\/span>est un d\u00e9chaumeur avec disques 24'' ou 20'' sur s\u00e9curit\u00e9 \u00e9lastom\u00e8re pour des travaux allant de 3 \u00e0 12 cm. L'angle d'attaque tr\u00e8s vertical permet de p\u00e9n\u00e9trer en conditions s\u00e8ches.<br>\n                        <br>L'<span style=\"font-weight: 700;\">EURODISC-II&nbsp;<\/span>quand \u00e0 lui est un d\u00e9chaumeur \u00e0 disques plus ouvert sur l'avancement pour des travaux plus intenses avec moins de vitesse qu'un d\u00e9chaumeur classique mais avec des capacit\u00e9s de p\u00e9n\u00e9tration intenses et un brassage de la terre amplifi\u00e9. Sur s\u00e9curit\u00e9 \u00e0 ressorts \u00e0 lames pour des travaux de 5 \u00e0 15 cm.\n                      <\/p>\n                    <\/div>\n                  <\/div>\n                <\/div>\n              <\/div>\n            <\/div>\n          <\/div>\n        <\/div>\n      <\/div>\n    <\/section>\n    <section class=\"u-clearfix u-section-3\" id=\"sec-7558\">\n      <div class=\"u-clearfix u-sheet u-sheet-1\">\n        <div class=\"data-layout-selected u-clearfix u-expanded-width u-gutter-12 u-layout-wrap u-layout-wrap-1\">\n          <div class=\"u-layout\">\n            <div class=\"u-layout-row\">\n              <div class=\"u-size-30 u-size-60-md\">\n                <div class=\"u-layout-col\">\n                  <div class=\"u-container-style u-layout-cell u-left-cell u-size-60 u-layout-cell-1\" src=\"\">\n                    <div class=\"u-container-layout u-valign-top-md u-valign-top-sm u-valign-top-xs u-container-layout-1\">\n                      <img decoding=\"async\" src=\"https:\/\/tadys.fr\/wp-content\/uploads\/2024\/05\/MAXIDISCII.png\" alt=\"\" class=\"u-image u-image-default u-image-1\" data-image-width=\"2517\" data-image-height=\"1200\">\n                      <img decoding=\"async\" class=\"u-expanded-width-md u-expanded-width-sm u-expanded-width-xs u-image u-image-default u-image-2\" src=\"https:\/\/tadys.fr\/wp-content\/uploads\/2022\/02\/MAXIDISC-II22.png\" alt=\"\" data-image-width=\"2767\" data-image-height=\"1615\">\n                      <div class=\"u-expanded-width-lg u-expanded-width-md u-expanded-width-sm u-expanded-width-xs u-video u-video-contain u-video-1\">\n                        <div class=\"embed-responsive embed-responsive-1\">\n                          <iframe style=\"position: absolute;top: 0;left: 0;width: 100%;height: 100%;\" class=\"embed-responsive-item\" data-src=\"https:\/\/www.youtube.com\/embed\/s-7IgteffAU?mute=0&amp;showinfo=0&amp;controls=0&amp;start=0\" data-poster=\"https:\/\/tadys.fr\/wp-content\/uploads\/2024\/04\/Sanstitre-1.jpg\" frameborder=\"0\" allowfullscreen=\"\"><\/iframe>\n                          <button class=\"u-video-poster u-video-poster-1\" data-src=\"https:\/\/tadys.fr\/wp-content\/uploads\/2024\/04\/Sanstitre-1.jpg\" style=\"background-image: url(&quot;https:\/\/tadys.fr\/wp-content\/uploads\/2024\/04\/Sanstitre-1.jpg&quot;);\"><\/button>\n                        <\/div>\n                      <\/div>\n                    <\/div>\n                  <\/div>\n                <\/div>\n              <\/div>\n              <div class=\"u-size-30 u-size-60-md\">\n                <div class=\"u-layout-col\">\n                  <div class=\"u-size-30\">\n                    <div class=\"u-layout-row\">\n                      <div class=\"u-align-left u-container-style u-gradient u-layout-cell u-size-30 u-layout-cell-2\">\n                        <div class=\"u-container-layout u-valign-top u-container-layout-2\">\n                          <h3 class=\"u-text u-text-palette-1-dark-2 u-text-1\">D\u00e9chaumeur \u00e0 jambes ind\u00e9pendantes et s\u00e9curit\u00e9 sans entretien<\/h3>\n                        <\/div>\n                      <\/div>\n                      <div class=\"u-align-justify u-container-style u-layout-cell u-right-cell u-size-30 u-layout-cell-3\">\n                        <div class=\"u-container-layout u-valign-top-xl u-container-layout-3\">\n                          <p class=\"u-text u-text-2\">Le <span style=\"font-weight: 700;\">MAXIDISC-II<\/span> est un d\u00e9chaumeur \u00e0 disques rapide \u00e0 jambes ind\u00e9pendantes permettant de faire des faux semis, du d\u00e9chaumage, du de la destruction de couverts v\u00e9g\u00e9taux denses, de la reprise de labour ou \u00e0 des profondeurs allant de 3 \u00e0 12 cm.<br>\n                            <br>Son \u00e9cartement entre disques de 12.5 cm, son d\u00e9gagement sous b\u00e2ti et entre disques importants lui octroient des capacit\u00e9s de travail hors normes.\n                          <\/p>\n                        <\/div>\n                      <\/div>\n                    <\/div>\n                  <\/div>\n                  <div class=\"u-size-30\">\n                    <div class=\"u-layout-row\">\n                      <div class=\"u-align-left u-container-style u-image u-layout-cell u-size-30 u-image-3\" data-image-width=\"1491\" data-image-height=\"872\" style=\"background-image: url(&quot;https:\/\/tadys.fr\/wp-content\/uploads\/2024\/04\/77115901f.png&quot;);\">\n                        <div class=\"u-container-layout u-container-layout-4\"><\/div>\n                      <\/div>\n                      <div class=\"u-align-justify u-container-style u-gradient u-layout-cell u-right-cell u-size-30 u-layout-cell-5\">\n                        <div class=\"u-container-layout u-valign-top-lg u-valign-top-md u-valign-top-sm u-valign-top-xs u-container-layout-5\">\n                          <p class=\"u-text u-text-3\">Sa large gamme d'accessoires (d\u00e9flecteurs, disque de bordure, peignes, ou encore semoir \u00e0 petites graines) et ses&nbsp; rouleaux (cr\u00e9nel\u00e9, cage, V-ring, Lames T-Ring, U-Ring ou V-Profile) lui donnent une personnalisation afin de correspondre \u00e0 chaque type d'exploitation et \u00e0 chaque agriculteur.<br>\n                            <br>Sa s\u00e9curit\u00e9 \u00e0 \u00e9lastom\u00e8res de 40 mm vulcanis\u00e9s lui donne une fiabilit\u00e9 dans le temps exceptionnelle.\n                          <\/p>\n                          <a href=\"https:\/\/tadys.fr\/wp-content\/uploads\/2022\/02\/CATALOGUE-MAXIDISC-II-2022-PLANCHES.pdf\" class=\"u-border-1 u-border-active-custom-color-8 u-border-hover-palette-1-light-1 u-border-palette-1-dark-2 u-btn u-button-style u-file-link u-none u-text-active-custom-color-8 u-text-hover-palette-1-light-1 u-text-palette-1-dark-2 u-btn-1\" target=\"_blank\">CATALOGUE MAXIDISC-II<\/a>\n                        <\/div>\n                      <\/div>\n                    <\/div>\n                  <\/div>\n                <\/div>\n              <\/div>\n            <\/div>\n          <\/div>\n        <\/div>\n      <\/div>\n    <\/section>\n    <section class=\"u-clearfix u-section-4\" id=\"carousel_0214\">\n      <div class=\"u-clearfix u-sheet u-sheet-1\">\n        <div class=\"data-layout-selected u-clearfix u-expanded-width u-gutter-12 u-layout-wrap u-layout-wrap-1\">\n          <div class=\"u-layout\">\n            <div class=\"u-layout-row\">\n              <div class=\"u-size-30 u-size-60-md\">\n                <div class=\"u-layout-col\">\n                  <div class=\"u-container-style u-layout-cell u-left-cell u-size-60 u-layout-cell-1\" src=\"\">\n                    <div class=\"u-container-layout u-valign-top-md u-valign-top-sm u-valign-top-xs u-container-layout-1\">\n                      <img decoding=\"async\" src=\"https:\/\/tadys.fr\/wp-content\/uploads\/2024\/05\/EURODISCII.png\" alt=\"\" class=\"u-expanded-width-xs u-image u-image-default u-image-1\" data-image-width=\"2517\" data-image-height=\"1200\">\n                      <img decoding=\"async\" class=\"u-expanded-width u-image u-image-default u-image-2\" src=\"https:\/\/tadys.fr\/wp-content\/uploads\/2024\/01\/EURODISC-II2.png\" alt=\"\" data-image-width=\"2700\" data-image-height=\"1457\">\n                      <div class=\"u-expanded-width-lg u-expanded-width-md u-expanded-width-sm u-expanded-width-xs u-video u-video-contain u-video-1\">\n                        <div class=\"embed-responsive embed-responsive-1\">\n                          <iframe style=\"position: absolute;top: 0;left: 0;width: 100%;height: 100%;\" class=\"embed-responsive-item\" data-src=\"https:\/\/www.youtube.com\/embed\/rXlhAvUaUks?mute=0&amp;showinfo=0&amp;controls=0&amp;start=0\" data-poster=\"https:\/\/tadys.fr\/wp-content\/uploads\/2024\/05\/image00017-scaled.jpeg\" frameborder=\"0\" allowfullscreen=\"\"><\/iframe>\n                          <button class=\"u-video-poster u-video-poster-1\" data-src=\"https:\/\/tadys.fr\/wp-content\/uploads\/2024\/05\/image00017-scaled.jpeg\" style=\"background-image: url(&quot;https:\/\/tadys.fr\/wp-content\/uploads\/2024\/05\/image00017-scaled.jpeg&quot;);\"><\/button>\n                        <\/div>\n                      <\/div>\n                    <\/div>\n                  <\/div>\n                <\/div>\n              <\/div>\n              <div class=\"u-size-30 u-size-60-md\">\n                <div class=\"u-layout-col\">\n                  <div class=\"u-size-30\">\n                    <div class=\"u-layout-row\">\n                      <div class=\"u-align-left u-container-style u-gradient u-layout-cell u-size-30 u-layout-cell-2\">\n                        <div class=\"u-container-layout u-valign-top u-container-layout-2\">\n                          <h3 class=\"u-text u-text-palette-1-dark-2 u-text-1\">D\u00e9chaumeur \u00e0 jambes ind\u00e9pendantes et s\u00e9curit\u00e9 \u00e0 ressort \u00e0 lames<\/h3>\n                        <\/div>\n                      <\/div>\n                      <div class=\"u-align-justify u-container-style u-layout-cell u-right-cell u-size-30 u-layout-cell-3\">\n                        <div class=\"u-container-layout u-valign-top-xl u-container-layout-3\">\n                          <p class=\"u-text u-text-2\">L' <span style=\"font-weight: 700;\">EURO<\/span>\n                            <span style=\"font-weight: 700;\">DISC-II<\/span> est un d\u00e9chaumeur \u00e0 disques ind\u00e9pendants avec disques de 24'' (610 mm) avec une s\u00e9curit\u00e9 exclusive, le ressort \u00e0 lames. L'angle d'attaque des disques tr\u00e8s agressif verticalement et tr\u00e8s ouvert sur l'avancement offre un brassage optimal m\u00eame en conditions de terrains pierreux et \u00e0 grande densit\u00e9 v\u00e9g\u00e9tale.<br>Profondeur de travail de 4 \u00e0 15 cm.\n                          <\/p>\n                        <\/div>\n                      <\/div>\n                    <\/div>\n                  <\/div>\n                  <div class=\"u-size-30\">\n                    <div class=\"u-layout-row\">\n                      <div class=\"u-align-left u-container-style u-image u-layout-cell u-size-30 u-image-3\" data-image-width=\"1507\" data-image-height=\"889\" style=\"background-image: url(&quot;https:\/\/tadys.fr\/wp-content\/uploads\/2024\/05\/PRUEBACAMBA2020-3.png&quot;);\">\n                        <div class=\"u-container-layout u-container-layout-4\"><\/div>\n                      <\/div>\n                      <div class=\"u-align-justify u-container-style u-gradient u-layout-cell u-right-cell u-size-30 u-layout-cell-5\">\n                        <div class=\"u-container-layout u-valign-top-lg u-valign-top-md u-valign-top-sm u-valign-top-xs u-container-layout-5\">\n                          <p class=\"u-text u-text-3\">Sa large gamme d'accessoires (d\u00e9flecteurs, disque de bordure, ou encore semoir \u00e0 petites graines) et ses&nbsp; rouleaux (cr\u00e9nel\u00e9, cage, V-ring, Lames T-Ring, U-Ring ou V-Profile) lui donnent une personnalisation afin de correspondre \u00e0 chaque type d'exploitation et \u00e0 chaque agriculteur.<br>\n                            <br>Sa s\u00e9curit\u00e9 \u00e0 lames de ressort permet d'ajuster sa pression au disque sur le sol.\n                          <\/p>\n                          <a href=\"https:\/\/tadys.fr\/wp-content\/uploads\/2022\/02\/CATALOGUE-OVLAC-EURODISC.pdf\" class=\"u-border-1 u-border-active-custom-color-8 u-border-hover-palette-1-light-1 u-border-palette-1-dark-2 u-btn u-button-style u-file-link u-none u-text-active-custom-color-8 u-text-hover-palette-1-light-1 u-text-palette-1-dark-2 u-btn-1\" target=\"_blank\">CATALOGUE EURODISC-II<\/a>\n                        <\/div>\n                      <\/div>\n                    <\/div>\n                  <\/div>\n                <\/div>\n              <\/div>\n            <\/div>\n          <\/div>\n        <\/div>\n      <\/div>\n    <\/section>\n    <section class=\"u-clearfix u-section-5\" id=\"sec-eb11\">\n      <div class=\"u-clearfix u-sheet u-sheet-1\">\n        <img decoding=\"async\" class=\"u-expanded-width u-image u-image-1\" src=\"https:\/\/tadys.fr\/wp-content\/uploads\/2024\/04\/20230307_0952512-1-scaled.jpg\" data-image-width=\"4032\" data-image-height=\"3024\">\n      <\/div>\n    <\/section>\n    \n    \n    \n    \n  \n<\/div>","protected":false},"excerpt":{"rendered":"<p>Bien choisir son d\u00e9chaumeur \u00e0 disques MAXIDISC-II OU EURODISC-II Chez OVLAC, nous proposons 2 gammes d&rsquo;outils bien distincts : Le MAXIDISC-II&nbsp;est un d\u00e9chaumeur avec disques 24\u00a0\u00bb ou 20\u00a0\u00bb sur s\u00e9curit\u00e9 \u00e9lastom\u00e8re pour des travaux allant de 3 \u00e0 12 cm. L&rsquo;angle d&rsquo;attaque tr\u00e8s vertical permet de p\u00e9n\u00e9trer en conditions s\u00e8ches. L&rsquo;EURODISC-II&nbsp;quand \u00e0 lui est un &hellip; <a href=\"https:\/\/tadys.fr\/?page_id=138\" class=\"more-link\">Continue reading<span class=\"screen-reader-text\"> \u00ab\u00a0OVLAC DECHAUMEURS A DISQUES\u00a0\u00bb<\/span><\/a><\/p>\n","protected":false},"author":1,"featured_media":0,"parent":71,"menu_order":0,"comment_status":"closed","ping_status":"closed","template":"","meta":{"footnotes":""},"class_list":["post-138","page","type-page","status-publish","hentry"],"aioseo_notices":[],"_links":{"self":[{"href":"https:\/\/tadys.fr\/index.php?rest_route=\/wp\/v2\/pages\/138","targetHints":{"allow":["GET"]}}],"collection":[{"href":"https:\/\/tadys.fr\/index.php?rest_route=\/wp\/v2\/pages"}],"about":[{"href":"https:\/\/tadys.fr\/index.php?rest_route=\/wp\/v2\/types\/page"}],"author":[{"embeddable":true,"href":"https:\/\/tadys.fr\/index.php?rest_route=\/wp\/v2\/users\/1"}],"replies":[{"embeddable":true,"href":"https:\/\/tadys.fr\/index.php?rest_route=%2Fwp%2Fv2%2Fcomments&post=138"}],"version-history":[{"count":18,"href":"https:\/\/tadys.fr\/index.php?rest_route=\/wp\/v2\/pages\/138\/revisions"}],"predecessor-version":[{"id":1137,"href":"https:\/\/tadys.fr\/index.php?rest_route=\/wp\/v2\/pages\/138\/revisions\/1137"}],"up":[{"embeddable":true,"href":"https:\/\/tadys.fr\/index.php?rest_route=\/wp\/v2\/pages\/71"}],"wp:attachment":[{"href":"https:\/\/tadys.fr\/index.php?rest_route=%2Fwp%2Fv2%2Fmedia&parent=138"}],"curies":[{"name":"wp","href":"https:\/\/api.w.org\/{rel}","templated":true}]}}