{"id":71,"date":"2020-03-23T16:18:53","date_gmt":"2020-03-23T16:18:53","guid":{"rendered":"http:\/\/tadys.fr\/?page_id=71"},"modified":"2026-04-13T12:55:31","modified_gmt":"2026-04-13T12:55:31","slug":"ovlac-2","status":"publish","type":"page","link":"https:\/\/tadys.fr\/?page_id=71","title":{"rendered":"OVLAC Sp\u00e9cialiste Travail du Sol depuis 1936"},"content":{"rendered":"<div class=\"\" style=\"\" >\n    \n    <section class=\"u-align-left u-clearfix u-container-align-left u-image u-shading u-section-2\" id=\"sec-3389\" data-image-width=\"829\" data-image-height=\"554\" style=\"background-image: linear-gradient(0deg, rgba(66, 84, 101, 0.7), rgba(66, 84, 101, 0.7)), url(&quot;https:\/\/tadys.fr\/wp-content\/uploads\/2020\/03\/UsineOVLAC.png&quot;);\">\n      <div class=\"u-clearfix u-sheet u-sheet-1\">\n        <div class=\"data-layout-selected u-clearfix u-expanded-width u-layout-wrap u-layout-wrap-1\">\n          <div class=\"u-layout\">\n            <div class=\"u-layout-row\">\n              <div class=\"u-container-style u-image u-layout-cell u-left-cell u-size-25-md u-size-25-sm u-size-25-xs u-size-30-lg u-size-30-xl u-image-1\" data-image-width=\"829\" data-image-height=\"554\" style=\"background-image: url(&quot;https:\/\/tadys.fr\/wp-content\/uploads\/2020\/03\/UsineOVLAC.png&quot;);\">\n                <div class=\"u-container-layout u-valign-bottom-xl u-valign-top-md u-valign-top-sm u-container-layout-1\">\n                  <img decoding=\"async\" src=\"https:\/\/tadys.fr\/wp-content\/uploads\/2020\/03\/OVLAC.png\" alt=\"\" class=\"u-image u-image-default u-image-2\" data-image-width=\"2099\" data-image-height=\"536\">\n                  <img decoding=\"async\" src=\"https:\/\/tadys.fr\/wp-content\/uploads\/2026\/04\/2026-LOGOOVLAC-90aos-blanco.png\" alt=\"\" class=\"u-image u-image-default u-opacity u-opacity-50 u-image-3\" data-image-width=\"792\" data-image-height=\"612\">\n                <\/div>\n              <\/div>\n              <div class=\"u-container-style u-layout-cell u-right-cell u-size-30-lg u-size-30-xl u-size-35-md u-size-35-sm u-size-35-xs u-layout-cell-2\">\n                <div class=\"u-container-layout u-valign-top u-container-layout-2\">\n                  <h3 class=\"u-text u-text-default u-text-1\">90 ans d'exp\u00e9rience<\/h3>\n                  <p class=\"u-align-justify u-text u-text-2\">Ovlac est une entreprise familiale d\u00e9di\u00e9e \u00e0 la fabrication de mat\u00e9riels pour l\u2019agriculture depuis 1936. Depuis ses origines, Ovlac s\u2019est sp\u00e9cialis\u00e9e dans la fabrication de charrues, qui est encore aujourd\u2019hui le produit r\u00e9f\u00e9rent de la marque depuis des d\u00e9cennies.&nbsp;<br>\n                    <br>Depuis de nombreuses ann\u00e9es, la gamme de produits s\u2019est \u00e9largie en incluant d\u2019autres mat\u00e9riels comme les outils \u00e0 dents ou les\nd\u00e9chaumeurs \u00e0 disques rapides, tout en maintenant le cap \u00e0 100% sur le travail du sol.\nActuellement, la 3\u00e8me g\u00e9n\u00e9ration dirige le constructeur le plus important d\u2019Espagne dans le domaine Travail du Sol. <br>\n                    <br>Ovlac exporte pr\u00e8s de 60% de sa production dans plus de 20 pays dans le monde. Les march\u00e9s tr\u00e8s exigeants et concurrentiels comme\nla France, l\u2019Allemagne et le Royaume-Uni ou encore plus lointains comme le Chili, l\u2019Afrique du Sud, la Nouvelle-Z\u00e9lande et la Chine demandent\ndepuis maintenant des ann\u00e9es les produits Ovlac. <br>\n                    <br>Gr\u00e2ce \u00e0 nos techniques de fabrication de derni\u00e8re g\u00e9n\u00e9ration et un d\u00e9partement d\u00e9di\u00e9 \u00e0 la Recherche et D\u00e9veloppement, Ovlac offre le maximum\nde qualit\u00e9 et de fiabilit\u00e9 \u00e0 tous nos produits. <br>Ovlac met un point d\u2019honneur \u00e0 la qualit\u00e9, \u00e0 la finition, au d\u00e9tail sur chaque produit. Cela se retrouve jour apr\u00e8s jour dans chaque avanc\u00e9e ou d\u00e9cision\nayant pour finalit\u00e9 d\u2019offrir \u00e0 l\u2019agriculteur un produit fiable et duquel il peut \u00eatre fier.\n                  <\/p>\n                <\/div>\n              <\/div>\n            <\/div>\n          <\/div>\n        <\/div>\n      <\/div>\n    <\/section>\n    <section class=\"u-clearfix u-section-3\" id=\"sec-74eb\">\n      <div class=\"u-clearfix u-sheet u-sheet-1\"><\/div>\n    <\/section>\n    <section class=\"u-clearfix u-section-4\" id=\"sec-a64b\">\n      <div class=\"u-clearfix u-sheet u-valign-middle-md u-valign-middle-sm u-valign-middle-xs u-sheet-1\">\n        <div class=\"data-layout-selected u-clearfix u-expanded-width u-gutter-50 u-layout-wrap u-layout-wrap-1\">\n          <div class=\"u-layout\">\n            <div class=\"u-layout-row\">\n              <div class=\"u-align-left u-container-align-left u-container-style u-layout-cell u-left-cell u-size-37 u-layout-cell-1\">\n                <div class=\"u-container-layout u-container-layout-1\">\n                  <div class=\"u-expanded u-video\">\n                    <div class=\"embed-responsive embed-responsive-1\">\n                      <iframe style=\"position: absolute;top: 0;left: 0;width: 100%;height: 100%;\" class=\"embed-responsive-item\" src=\"https:\/\/www.youtube.com\/embed\/pS7Rur0TOaQ?playlist=pS7Rur0TOaQ&amp;loop=1&amp;mute=1&amp;showinfo=0&amp;controls=0&amp;start=0&amp;autoplay=1\" data-autoplay=\"1\" frameborder=\"0\" allowfullscreen=\"\"><\/iframe>\n                    <\/div>\n                  <\/div>\n                <\/div>\n              <\/div>\n              <div class=\"u-align-center u-container-align-center u-container-style u-layout-cell u-right-cell u-size-23 u-layout-cell-2\">\n                <div class=\"u-container-layout u-container-layout-2\">\n                  <h4 class=\"u-text u-text-custom-color-4 u-text-1\">SPECIALISTE TRAVAIL DU SOL<\/h4>\n                  <img decoding=\"async\" class=\"u-expanded-width-md u-expanded-width-sm u-expanded-width-xs u-image u-image-contain u-image-default u-image-1\" src=\"https:\/\/tadys.fr\/wp-content\/uploads\/2022\/02\/CHARRUEVECTO.png\" alt=\"\" data-image-width=\"3054\" data-image-height=\"1141\">\n                  <p class=\"u-text u-text-2\"><span style=\"font-weight: 700;\" class=\"u-text-palette-1-dark-2\">Charrues :<\/span> XPerience - SLX\/SSX&nbsp;<br><span style=\"font-weight: 700;\" class=\"u-text-palette-1-dark-2\">Charrues D\u00e9chaumeuses :<\/span> Mini \/ Mini-N \/ Mini-S<br><span style=\"font-weight: 700;\" class=\"u-text-palette-1-dark-2\">&nbsp;Outils \u00e0 Dents :<\/span> XLander \/ Versatill \/ DCR&nbsp;<br><span style=\"font-weight: 700;\" class=\"u-text-palette-1-dark-2\">D\u00e9chaumeurs \u00e0 Disques :<\/span><span class=\"u-text-palette-1-dark-2\"><\/span>Maxidisc-II \/ Eurodisc-II&nbsp;<br><span style=\"font-weight: 700;\"><span class=\"u-text-palette-1-dark-2\">Gamme Vigne :<\/span><\/span>Minivid \/ Reptill \/ Mch-V\n                  <\/p>\n                <\/div>\n              <\/div>\n            <\/div>\n          <\/div>\n        <\/div>\n      <\/div>\n    <\/section>\n    <section class=\"u-clearfix u-section-5\" id=\"carousel_d222\">\n      <div class=\"u-clearfix u-sheet u-sheet-1\"><\/div>\n    <\/section>\n    <section class=\"u-clearfix u-valign-middle-lg u-valign-middle-xl u-section-6\" id=\"sec-16de\">\n      \n      <h2 class=\"u-align-center-lg u-align-center-md u-align-center-sm u-align-center-xs u-align-left-xl u-text u-text-palette-1-dark-2 u-text-1\">GAMME DE PRODUITS<\/h2>\n      <div class=\"u-custom-color-5 u-expanded-width u-shape u-shape-rectangle u-shape-1\"><\/div>\n      <div class=\"custom-expanded data-layout-selected u-clearfix u-gutter-34 u-layout-wrap u-layout-wrap-1\">\n        <div class=\"u-gutter-0 u-layout\">\n          <div class=\"u-layout-row\">\n            <div class=\"u-container-style u-layout-cell u-shape-rectangle u-size-12 u-size-20-md u-layout-cell-1\">\n              <div class=\"u-container-layout u-valign-bottom-xl u-container-layout-1\">\n                <img decoding=\"async\" class=\"custom-expanded u-hover-feature u-image u-image-contain u-image-default u-image-1\" src=\"https:\/\/tadys.fr\/wp-content\/uploads\/2024\/01\/XPERIENCE.png\" alt=\"\" data-image-width=\"1600\" data-image-height=\"1166\">\n                <a href=\"https:\/\/tadys.fr\/?page_id=179\" class=\"u-active-palette-1-dark-1 u-border-1 u-border-active-custom-color-4 u-border-hover-palette-1-light-1 u-border-palette-1-dark-2 u-btn u-button-style u-none u-text-active-custom-color-4 u-text-hover-palette-1-light-1 u-text-palette-1-dark-2 u-btn-1\" data-animation-name=\"zoomIn\" data-animation-duration=\"1000\" data-animation-delay=\"0\" data-animation-direction=\"Down\">CHARRUES<\/a>\n              <\/div>\n            <\/div>\n            <div class=\"u-container-style u-layout-cell u-shape-rectangle u-size-12 u-size-20-md u-layout-cell-2\">\n              <div class=\"u-container-layout u-container-layout-2\">\n                <img decoding=\"async\" class=\"custom-expanded u-expanded-width-lg u-expanded-width-md u-expanded-width-xl u-image u-image-contain u-image-default u-image-2\" src=\"https:\/\/tadys.fr\/wp-content\/uploads\/2024\/01\/MININ.png\" alt=\"\" data-image-width=\"1068\" data-image-height=\"1109\">\n                <a href=\"https:\/\/tadys.fr\/?page_id=152\" class=\"u-active-palette-1-dark-1 u-border-1 u-border-active-custom-color-4 u-border-hover-palette-1-light-1 u-border-palette-1-dark-2 u-btn u-button-style u-none u-text-active-custom-color-4 u-text-hover-palette-1-light-1 u-text-palette-1-dark-2 u-btn-2\" data-animation-name=\"zoomIn\" data-animation-duration=\"1000\" data-animation-delay=\"0\" data-animation-direction=\"Down\">CHARRUE DECHAUMEUSES<\/a>\n              <\/div>\n            <\/div>\n            <div class=\"u-container-style u-layout-cell u-shape-rectangle u-size-12 u-size-20-md u-layout-cell-3\">\n              <div class=\"u-container-layout u-container-layout-3\">\n                <img decoding=\"async\" class=\"custom-expanded u-expanded-width-lg u-expanded-width-md u-expanded-width-xl u-flip-horizontal u-image u-image-contain u-image-default u-image-3\" src=\"https:\/\/tadys.fr\/wp-content\/uploads\/2024\/01\/VERSATILL-P-H.jpg.png\" alt=\"\" data-image-width=\"2920\" data-image-height=\"1197\">\n                <a href=\"https:\/\/tadys.fr\/?page_id=124\" class=\"u-active-palette-1-dark-1 u-border-1 u-border-active-custom-color-4 u-border-hover-palette-1-light-1 u-border-palette-1-dark-2 u-btn u-button-style u-none u-text-active-custom-color-4 u-text-hover-palette-1-light-1 u-text-palette-1-dark-2 u-btn-3\" data-animation-name=\"zoomIn\" data-animation-duration=\"1000\" data-animation-delay=\"0\" data-animation-direction=\"Down\">OUTILS A DENTS<\/a>\n              <\/div>\n            <\/div>\n            <div class=\"u-container-style u-layout-cell u-shape-rectangle u-size-12 u-size-30-md u-layout-cell-4\">\n              <div class=\"u-container-layout u-valign-top u-container-layout-4\">\n                <img decoding=\"async\" class=\"custom-expanded u-expanded-width-lg u-expanded-width-xl u-image u-image-contain u-image-default u-image-4\" src=\"https:\/\/tadys.fr\/wp-content\/uploads\/2024\/01\/EURODISC-II2.png\" alt=\"\" data-image-width=\"2700\" data-image-height=\"1457\">\n                <a href=\"https:\/\/tadys.fr\/?page_id=138\" class=\"u-active-palette-1-dark-1 u-border-1 u-border-active-custom-color-4 u-border-hover-palette-1-light-1 u-border-palette-1-dark-2 u-btn u-button-style u-none u-text-active-custom-color-4 u-text-hover-palette-1-light-1 u-text-palette-1-dark-2 u-btn-4\" data-animation-name=\"zoomIn\" data-animation-duration=\"1000\" data-animation-delay=\"0\" data-animation-direction=\"Down\">DECHAUMEURS A DISQUES<\/a>\n              <\/div>\n            <\/div>\n            <div class=\"u-container-style u-layout-cell u-shape-rectangle u-size-12 u-size-30-md u-layout-cell-5\">\n              <div class=\"u-container-layout u-valign-bottom-xl u-valign-top-md u-valign-top-sm u-valign-top-xs u-container-layout-5\">\n                <img decoding=\"async\" class=\"u-image u-image-contain u-image-default u-image-5\" src=\"https:\/\/tadys.fr\/wp-content\/uploads\/2024\/01\/REPTILL.png\" alt=\"\" data-image-width=\"1026\" data-image-height=\"656\">\n                <a href=\"https:\/\/tadys.fr\/?page_id=251\" class=\"u-active-palette-1-dark-1 u-border-1 u-border-active-custom-color-4 u-border-hover-palette-1-light-1 u-border-palette-1-dark-2 u-btn u-button-style u-none u-text-active-custom-color-4 u-text-hover-palette-1-light-1 u-text-palette-1-dark-2 u-btn-5\" data-animation-name=\"zoomIn\" data-animation-duration=\"1000\" data-animation-delay=\"0\" data-animation-direction=\"Down\">GAMME VIGNE<\/a>\n              <\/div>\n            <\/div>\n          <\/div>\n        <\/div>\n      <\/div>\n    <\/section>\n    <section class=\"u-clearfix u-custom-color-5 u-section-7\" id=\"sec-68c5\">\n      <div class=\"u-clearfix u-sheet u-valign-top u-sheet-1\">\n        <div class=\"data-layout-selected u-clearfix u-expanded-width u-gutter-0 u-layout-wrap u-layout-wrap-1\">\n          <div class=\"u-layout\">\n            <div class=\"u-layout-row\">\n              <div class=\"u-container-style u-effect-hover-slide u-layout-cell u-size-12 u-size-20-md u-layout-cell-1\" data-image-width=\"2340\" data-image-height=\"1080\">\n                <div class=\"u-background-effect u-expanded\">\n                  <div class=\"u-background-effect-image u-effect-hover-slide-direction-left u-expanded u-image u-image-1\" data-image-width=\"2340\" data-image-height=\"1080\" style=\"background-image: url(&quot;https:\/\/tadys.fr\/wp-content\/uploads\/2024\/01\/Screenshot_20230731_111030_VideoPlayer.jpg&quot;);\"><\/div>\n                <\/div>\n                <div class=\"u-container-layout u-container-layout-1\"><\/div>\n              <\/div>\n              <div class=\"u-container-align-center u-container-style u-image u-layout-cell u-size-12 u-size-20-md u-image-2\" data-image-width=\"2252\" data-image-height=\"4000\" style=\"background-image: url(&quot;https:\/\/tadys.fr\/wp-content\/uploads\/2024\/01\/20231017_095344-scaled.jpg&quot;);\">\n                <div class=\"u-container-layout u-container-layout-2\"><\/div>\n              <\/div>\n              <div class=\"u-container-style u-image u-layout-cell u-size-12 u-size-20-md u-image-3\" data-image-width=\"4032\" data-image-height=\"2268\" style=\"background-image: url(&quot;https:\/\/tadys.fr\/wp-content\/uploads\/2024\/01\/20220726_162558-scaled.jpg&quot;);\">\n                <div class=\"u-container-layout u-container-layout-3\"><\/div>\n              <\/div>\n              <div class=\"u-container-style u-image u-layout-cell u-size-12 u-size-30-md u-image-4\" data-image-width=\"4032\" data-image-height=\"3024\" style=\"background-image: url(&quot;https:\/\/tadys.fr\/wp-content\/uploads\/2024\/01\/20220726_112035-scaled.jpg&quot;);\">\n                <div class=\"u-container-layout u-container-layout-4\"><\/div>\n              <\/div>\n              <div class=\"u-container-style u-image u-layout-cell u-size-12 u-size-30-md u-image-5\" data-image-width=\"4032\" data-image-height=\"2268\" style=\"background-image: url(&quot;https:\/\/tadys.fr\/wp-content\/uploads\/2024\/01\/20230112_111401-scaled.jpg&quot;);\">\n                <div class=\"u-container-layout u-container-layout-5\"><\/div>\n              <\/div>\n            <\/div>\n          <\/div>\n        <\/div>\n      <\/div>\n    <\/section>\n    <section class=\"u-clearfix u-section-8\" id=\"sec-62c3\">\n      <div class=\"u-clearfix u-sheet u-sheet-1\"><\/div>\n    <\/section>\n    <section class=\"u-clearfix u-image u-section-9\" id=\"sec-39e3\" data-image-width=\"1600\" data-image-height=\"900\" style=\"background-image: url(&quot;https:\/\/tadys.fr\/wp-content\/uploads\/2021\/02\/IMG20190724WA0007.jpg.jpg&quot;);\">\n      <div class=\"u-clearfix u-sheet u-sheet-1\"><\/div>\n    <\/section>\n    \n    \n    \n    \n  \n<\/div>","protected":false},"excerpt":{"rendered":"<p>90 ans d&rsquo;exp\u00e9rience Ovlac est une entreprise familiale d\u00e9di\u00e9e \u00e0 la fabrication de mat\u00e9riels pour l\u2019agriculture depuis 1936. Depuis ses origines, Ovlac s\u2019est sp\u00e9cialis\u00e9e dans la fabrication de charrues, qui est encore aujourd\u2019hui le produit r\u00e9f\u00e9rent de la marque depuis des d\u00e9cennies.&nbsp; Depuis de nombreuses ann\u00e9es, la gamme de produits s\u2019est \u00e9largie en incluant d\u2019autres &hellip; <a href=\"https:\/\/tadys.fr\/?page_id=71\" class=\"more-link\">Continue reading<span class=\"screen-reader-text\"> \u00ab\u00a0OVLAC Sp\u00e9cialiste Travail du Sol depuis 1936\u00a0\u00bb<\/span><\/a><\/p>\n","protected":false},"author":1,"featured_media":602,"parent":0,"menu_order":0,"comment_status":"closed","ping_status":"closed","template":"","meta":{"footnotes":""},"class_list":["post-71","page","type-page","status-publish","has-post-thumbnail","hentry"],"aioseo_notices":[],"_links":{"self":[{"href":"https:\/\/tadys.fr\/index.php?rest_route=\/wp\/v2\/pages\/71","targetHints":{"allow":["GET"]}}],"collection":[{"href":"https:\/\/tadys.fr\/index.php?rest_route=\/wp\/v2\/pages"}],"about":[{"href":"https:\/\/tadys.fr\/index.php?rest_route=\/wp\/v2\/types\/page"}],"author":[{"embeddable":true,"href":"https:\/\/tadys.fr\/index.php?rest_route=\/wp\/v2\/users\/1"}],"replies":[{"embeddable":true,"href":"https:\/\/tadys.fr\/index.php?rest_route=%2Fwp%2Fv2%2Fcomments&post=71"}],"version-history":[{"count":29,"href":"https:\/\/tadys.fr\/index.php?rest_route=\/wp\/v2\/pages\/71\/revisions"}],"predecessor-version":[{"id":1316,"href":"https:\/\/tadys.fr\/index.php?rest_route=\/wp\/v2\/pages\/71\/revisions\/1316"}],"wp:featuredmedia":[{"embeddable":true,"href":"https:\/\/tadys.fr\/index.php?rest_route=\/wp\/v2\/media\/602"}],"wp:attachment":[{"href":"https:\/\/tadys.fr\/index.php?rest_route=%2Fwp%2Fv2%2Fmedia&parent=71"}],"curies":[{"name":"wp","href":"https:\/\/api.w.org\/{rel}","templated":true}]}}